{"id":189,"date":"2017-10-02T17:31:55","date_gmt":"2017-10-02T17:31:55","guid":{"rendered":"http:\/\/ndanda.krempl.ch\/?page_id=189"},"modified":"2017-10-11T16:14:54","modified_gmt":"2017-10-11T16:14:54","slug":"wer-ist-wer","status":"publish","type":"page","link":"https:\/\/ndanda.krempl.ch\/?page_id=189","title":{"rendered":"Wer ist wer?"},"content":{"rendered":"<p><u>Erw<\/u><u>\u00e4hnte Personen:<\/u><\/p>\n<p>Br. Isidor<br \/>\nehemaliger Bauer, jetzt Bibliothekar und Betreuer der Turmuhr, ist auf Heimaturlaub und wird eigentlich erwartet<\/p>\n<p>Br. Jesaia<br \/>\nArzt, innere Medizin, Imker, sehr musikalisch: Geige, Orgel, Klavier<\/p>\n<p>Br. Thomas<br \/>\nehemaliger Chef der Elektrowerkstatt<\/p>\n<p>Br. Theobald<br \/>\nChef der Elektrowerkstatt<\/p>\n<p>Br. Godehard<br \/>\nChef Garage, Strassenbauer, Weinbauer, Tausendsassa in viele Bereichen<\/p>\n<p>Br. Alex<br \/>\nStellvertreter von Godehard in der Garage<\/p>\n<p>Br. Markus<br \/>\nChef Druckerei<\/p>\n<p>Br. Andreas<br \/>\nBauchef, Engineering Consultant, l\u00e4uft jeden Tag zum See f\u00fcr ein Bad<\/p>\n<p>Br. Florian<br \/>\nist verantwortlich f\u00fcr die Landmaschinen, betreut die momentan die Turmuhr<\/p>\n<p>Br. Paulo<br \/>\nimmer singender und fr\u00f6hlicher Mitarbeiter in der Verwaltung, m\u00f6chte Priester werden<\/p>\n<p>Br. Laurent<br \/>\narbeitet auch in der Administration, ist am 1. Oktober aus dem Urlaub zur\u00fcck<\/p>\n<p>Br. Angelo<br \/>\nVerantwortlich f\u00fcr Landwirtschaftsbetrieb, Imker<\/p>\n<p>Fr. Alfons<br \/>\nCellerar, Verwalter der Abtei<\/p>\n<p>Fr. Christian<br \/>\nLeiter Ausbildungszentrum Zakeo<\/p>\n<p>Fr. Manfred<br \/>\nSpitalpfarrer<\/p>\n<p>Fr. Sebald<br \/>\nMomentan im Kurasini als Priester<\/p>\n<p>Fr. Karl<br \/>\nSchweizer Pfarrer in Chikundi<\/p>\n<p>Fr. Philipp<br \/>\nBetreut Pfarrei auf dem Makonde Hochplateau, ist im Urlaub in der Schweiz<\/p>\n<p>Fr. Julianus<br \/>\nafrikanischer Pater<\/p>\n<p>Fr. Polycarp<br \/>\nauch ein hochintelligenter Mann, K\u00fcnstler, Kirchenmaler, sehr musikalisch und kennt sehr viele Musik<\/p>\n<p>Fr. Damian<br \/>\nVerwalter des Spitals und Stellvertreter von Fr. Alfons in der Abtei. Hat ein offenes Ohr f\u00fcr meine Vorschl\u00e4ge<\/p>\n<p>Altabt Siegfried<br \/>\nzufriedener Pension\u00e4r und Verfasser der Geschichte der Abtei Ndanda, jetzt am vierten Band, plaudert immer sehr unterhaltsam und hat ein ph\u00e4nomenales Ged\u00e4chtnis<\/p>\n<p>Altabt Dionys<br \/>\nvielbesch\u00e4ftigter Pension\u00e4r, kommt auch oft mit zum Bad<\/p>\n<p>Sr. Desideria<br \/>\nwieder hier zur\u00fcck f\u00fcr ihren Lebensabend, ist schwer krank und gebrechlich<\/p>\n<p>Sr. Claire<br \/>\njunge schwarze Tutzingerschwester, hat meinen Namen nach zwei Jahren immer noch pr\u00e4sent!<\/p>\n<p>Mama Ignatia<br \/>\nmacht mir w\u00f6chentlich das Zimmer<\/p>\n<p>Mr. Oliver Millanzi<br \/>\nChef der IT im Labor, hat einiges auf dem Kasten und m\u00f6chte profitieren, tr\u00e4gt gerne schwarze spitze Schuhe und weissen Labormantel. Hat von Netzwerk soviel Ahnung wie ich von Kisuaheli<\/p>\n<p>George Mwanache<br \/>\nVerantwortlich f\u00fcr die Informatik der Abtei<\/p>\n<p>Mr. Edgar<br \/>\nPhysiotherapeut, ein sehr liebensw\u00fcrdiger und freundlicher Mann, der mit Menschen sehr gut umgehen kann.<\/p>\n<p>Elisa<br \/>\nItalienische Medizinerin im letzten Jahr der Ausbildung<\/p>\n<p>Lukas und Verena<br \/>\nzwei deutsche Volont\u00e4re, welche jetzt f\u00fcr ein Jahr hier arbeiten<\/p>\n<p>Christian<br \/>\ndeutscher Volont\u00e4r, welcher als Elektriker in einer anderen Station in Tansania arbeiten wird<\/p>\n<p>Dr. J\u00f6rg Haferkamp<br \/>\nChirurg aus Deutschland, und \u00e4hnlich wie Madeleine und Walter seit vielen Jahren immer wieder f\u00fcr l\u00e4ngere Zeit hier<\/p>\n<p>Dr. Daniela Kietzmann<br \/>\nDeutsche An\u00e4sthesie\u00e4rztin, welche in Uppsala in Schweden arbeitet und immer mal wieder auch hier aufkreuzt und arbeitet.<\/p>\n<p>Dr. Joanis Perisalis<br \/>\nChirurg aus Deutschland, griechischer Abstammung<\/p>\n<p>Maria<br \/>\nAn\u00e4sthesieschwester aus Bremen<\/p>\n","protected":false},"excerpt":{"rendered":"<p>Erw\u00e4hnte Personen: Br. Isidor ehemaliger Bauer, jetzt Bibliothekar und Betreuer der Turmuhr, ist auf Heimaturlaub und wird eigentlich erwartet Br. Jesaia Arzt, innere Medizin, Imker, sehr musikalisch: Geige, Orgel, Klavier Br. Thomas ehemaliger Chef der Elektrowerkstatt Br. Theobald Chef der Elektrowerkstatt Br. Godehard Chef Garage, Strassenbauer, Weinbauer, Tausendsassa in viele Bereichen Br. Alex Stellvertreter von &hellip; <a href=\"https:\/\/ndanda.krempl.ch\/?page_id=189\" class=\"more-link\"><span class=\"screen-reader-text\">\u201eWer ist wer?\u201c<\/span> weiterlesen<\/a><\/p>\n","protected":false},"author":1,"featured_media":0,"parent":0,"menu_order":0,"comment_status":"closed","ping_status":"closed","template":"","meta":{"footnotes":""},"class_list":["post-189","page","type-page","status-publish","hentry"],"_links":{"self":[{"href":"https:\/\/ndanda.krempl.ch\/index.php?rest_route=\/wp\/v2\/pages\/189","targetHints":{"allow":["GET"]}}],"collection":[{"href":"https:\/\/ndanda.krempl.ch\/index.php?rest_route=\/wp\/v2\/pages"}],"about":[{"href":"https:\/\/ndanda.krempl.ch\/index.php?rest_route=\/wp\/v2\/types\/page"}],"author":[{"embeddable":true,"href":"https:\/\/ndanda.krempl.ch\/index.php?rest_route=\/wp\/v2\/users\/1"}],"replies":[{"embeddable":true,"href":"https:\/\/ndanda.krempl.ch\/index.php?rest_route=%2Fwp%2Fv2%2Fcomments&post=189"}],"version-history":[{"count":5,"href":"https:\/\/ndanda.krempl.ch\/index.php?rest_route=\/wp\/v2\/pages\/189\/revisions"}],"predecessor-version":[{"id":303,"href":"https:\/\/ndanda.krempl.ch\/index.php?rest_route=\/wp\/v2\/pages\/189\/revisions\/303"}],"wp:attachment":[{"href":"https:\/\/ndanda.krempl.ch\/index.php?rest_route=%2Fwp%2Fv2%2Fmedia&parent=189"}],"curies":[{"name":"wp","href":"https:\/\/api.w.org\/{rel}","templated":true}]}}